{"id":7212,"date":"2022-08-23T17:24:24","date_gmt":"2022-08-23T15:24:24","guid":{"rendered":"http:\/\/stjac.be\/?page_id=7212"},"modified":"2022-08-25T12:07:54","modified_gmt":"2022-08-25T10:07:54","slug":"cartes","status":"publish","type":"page","link":"https:\/\/stjac.be\/?page_id=7212","title":{"rendered":"Cartes"},"content":{"rendered":"<p>[et_pb_section fb_built=&#8221;1&#8243; _builder_version=&#8221;4.14.7&#8243; _module_preset=&#8221;default&#8221; global_colors_info=&#8221;{}&#8221;][et_pb_row _builder_version=&#8221;4.14.7&#8243; _module_preset=&#8221;default&#8221; hover_enabled=&#8221;0&#8243; global_colors_info=&#8221;{}&#8221; sticky_enabled=&#8221;0&#8243;][et_pb_column type=&#8221;4_4&#8243; _builder_version=&#8221;4.14.7&#8243; _module_preset=&#8221;default&#8221; global_colors_info=&#8221;{}&#8221;][et_pb_text _builder_version=&#8221;4.14.7&#8243; _module_preset=&#8221;default&#8221; hover_enabled=&#8221;0&#8243; global_colors_info=&#8221;{}&#8221; sticky_enabled=&#8221;0&#8243;]<\/p>\n<p style=\"text-align: justify;\">Vous avez un doute sur le p\u00e9rim\u00e8tre du Quartier Saint-Jacques de Bruxelles\u00a0? Consultez la carte <span style=\"text-decoration: underline;\"><a href=\"http:\/\/stjac.be\/?page_id=2034\" target=\"_blank\" rel=\"noopener\"><strong>ici<\/strong><\/a><\/span> et <a href=\"https:\/\/drive.google.com\/file\/d\/1IgbXvlBuKqMg7pePJ0xmS58NByTNVDmS\/view?usp=sharing\" target=\"_blank\" rel=\"noopener\"><strong><span style=\"text-decoration: underline;\">voici<\/span><\/strong><\/a> la liste des rues, places et impasses actuelles, en ordre alphab\u00e9tique, avec leur d\u00e9nomination en n\u00e9erlandais.<\/p>\n<p style=\"text-align: justify;\">Les cartes anciennes de Bruxelles vous montrent la ville avant le vo\u00fbtement de la Senne, avant le percement de la rue du Midi et de la partie plus r\u00e9cente de la rue du Lombard et\/ou avant les travaux de la jonction Nord-Midi. Elles vous feront d\u00e9couvrir des impasses et ruelles et coins disparus.<\/p>\n<p>[\/et_pb_text][\/et_pb_column][\/et_pb_row][et_pb_row column_structure=&#8221;1_2,1_2&#8243; _builder_version=&#8221;4.14.7&#8243; _module_preset=&#8221;default&#8221; global_colors_info=&#8221;{}&#8221;][et_pb_column type=&#8221;1_2&#8243; _builder_version=&#8221;4.14.7&#8243; _module_preset=&#8221;default&#8221; global_colors_info=&#8221;{}&#8221;][et_pb_text _builder_version=&#8221;4.14.7&#8243; _module_preset=&#8221;default&#8221; global_colors_info=&#8221;{}&#8221;]<\/p>\n<p><strong>Cliquez sur la photo pour l&#8217;agrandir.<\/strong><\/p>\n<p>[\/et_pb_text][\/et_pb_column][et_pb_column type=&#8221;1_2&#8243; _builder_version=&#8221;4.14.7&#8243; _module_preset=&#8221;default&#8221; global_colors_info=&#8221;{}&#8221;][\/et_pb_column][\/et_pb_row][et_pb_row column_structure=&#8221;1_2,1_2&#8243; _builder_version=&#8221;4.14.7&#8243; _module_preset=&#8221;default&#8221; global_colors_info=&#8221;{}&#8221;][et_pb_column type=&#8221;1_2&#8243; _builder_version=&#8221;4.14.7&#8243; _module_preset=&#8221;default&#8221; global_colors_info=&#8221;{}&#8221;][et_pb_image src=&#8221;http:\/\/stjac.be\/wp-content\/uploads\/2022\/08\/Carte-de-1572-Braun-Hogenberg-couleurs-scaled.jpg&#8221; title_text=&#8221;Carte de 1572 Braun &#038; Hogenberg, couleurs&#8221; url=&#8221;https:\/\/drive.google.com\/file\/d\/1Zz1toFWY0LMJTcQJibzy5SPuu21UGFVL\/view?usp=sharing&#8221; url_new_window=&#8221;on&#8221; _builder_version=&#8221;4.14.7&#8243; _module_preset=&#8221;default&#8221; global_colors_info=&#8221;{}&#8221;][\/et_pb_image][et_pb_text _builder_version=&#8221;4.14.7&#8243; _module_preset=&#8221;default&#8221; global_colors_info=&#8221;{}&#8221;]<\/p>\n<p>Carte de 1572 &#8211; Braun &amp; Hogenberg (couleurs)<\/p>\n<p>[\/et_pb_text][\/et_pb_column][et_pb_column type=&#8221;1_2&#8243; _builder_version=&#8221;4.14.7&#8243; _module_preset=&#8221;default&#8221; global_colors_info=&#8221;{}&#8221;][et_pb_image src=&#8221;http:\/\/stjac.be\/wp-content\/uploads\/2022\/08\/Carte-de-1572-Braun-et-Hogenberg-scaled.jpg&#8221; title_text=&#8221;Carte de 1572 Braun et Hogenberg&#8221; url=&#8221;https:\/\/drive.google.com\/file\/d\/1fz-Elo-nyC36i3s0gehCLTCM5c_G7yYp\/view?usp=sharing&#8221; url_new_window=&#8221;on&#8221; _builder_version=&#8221;4.14.7&#8243; _module_preset=&#8221;default&#8221; global_colors_info=&#8221;{}&#8221;][\/et_pb_image][et_pb_text _builder_version=&#8221;4.14.7&#8243; _module_preset=&#8221;default&#8221; global_colors_info=&#8221;{}&#8221;]<\/p>\n<p>Carte de 1572 &#8211; Braun &amp; Hogenberg<\/p>\n<p>[\/et_pb_text][\/et_pb_column][\/et_pb_row][et_pb_row column_structure=&#8221;1_3,1_3,1_3&#8243; _builder_version=&#8221;4.14.7&#8243; _module_preset=&#8221;default&#8221; global_colors_info=&#8221;{}&#8221;][et_pb_column type=&#8221;1_3&#8243; _builder_version=&#8221;4.14.7&#8243; _module_preset=&#8221;default&#8221; global_colors_info=&#8221;{}&#8221;][et_pb_image src=&#8221;http:\/\/stjac.be\/wp-content\/uploads\/2022\/08\/Kadasterplan-Popp-Van-Schaalwijk-1866-Pierres-Lombard_Etuve-scaled.jpg&#8221; title_text=&#8221;Kadasterplan Popp Van Schaalwijk, 1866 Pierres-Lombard_Etuve&#8221; url=&#8221;https:\/\/drive.google.com\/file\/d\/1e05qq9jLrLKo8KtzGD6Ky5BlNRZ6FRDA\/view?usp=sharing&#8221; url_new_window=&#8221;on&#8221; _builder_version=&#8221;4.14.7&#8243; _module_preset=&#8221;default&#8221; global_colors_info=&#8221;{}&#8221;][\/et_pb_image][et_pb_text _builder_version=&#8221;4.14.7&#8243; _module_preset=&#8221;default&#8221; global_colors_info=&#8221;{}&#8221;]<\/p>\n<p>Plan cadastral Popp van Schaalwijk de 1866 &#8211; Pierre, Lombard, Etuve<\/p>\n<p>[\/et_pb_text][\/et_pb_column][et_pb_column type=&#8221;1_3&#8243; _builder_version=&#8221;4.14.7&#8243; _module_preset=&#8221;default&#8221; global_colors_info=&#8221;{}&#8221;][et_pb_image src=&#8221;http:\/\/stjac.be\/wp-content\/uploads\/2022\/08\/Kadasterplan-Popp-van-Schaalwijk-1866-Kolenmarkt-scaled.jpg&#8221; title_text=&#8221;Kadasterplan Popp van Schaalwijk, 1866 Kolenmarkt&#8221; url=&#8221;https:\/\/drive.google.com\/file\/d\/10FR_nqCXN3WRNNnta52jKgvEN90GbXZH\/view?usp=sharing&#8221; url_new_window=&#8221;on&#8221; _builder_version=&#8221;4.14.7&#8243; _module_preset=&#8221;default&#8221; global_colors_info=&#8221;{}&#8221;][\/et_pb_image][et_pb_text _builder_version=&#8221;4.14.7&#8243; _module_preset=&#8221;default&#8221; global_colors_info=&#8221;{}&#8221;]<\/p>\n<p>Plan cadastral Popp van Schaalwijk de 1866 &#8211; Charbon<\/p>\n<p>[\/et_pb_text][\/et_pb_column][et_pb_column type=&#8221;1_3&#8243; _builder_version=&#8221;4.14.7&#8243; _module_preset=&#8221;default&#8221; global_colors_info=&#8221;{}&#8221;][et_pb_image src=&#8221;http:\/\/stjac.be\/wp-content\/uploads\/2022\/08\/Kadasterplan-Popp-van-Schaalwijk-1866-Bogards-Alexiens-Midi-scaled.jpg&#8221; title_text=&#8221;Kadasterplan Popp van Schaalwijk 1866, Bogards-Alexiens-Midi&#8221; url=&#8221;https:\/\/drive.google.com\/file\/d\/1CLVDDHpUU6ADPadyFw6SNPfmRoqw84oA\/view?usp=sharing&#8221; url_new_window=&#8221;on&#8221; _builder_version=&#8221;4.14.7&#8243; _module_preset=&#8221;default&#8221; global_colors_info=&#8221;{}&#8221;][\/et_pb_image][et_pb_text _builder_version=&#8221;4.14.7&#8243; _module_preset=&#8221;default&#8221; global_colors_info=&#8221;{}&#8221;]<\/p>\n<p>Plan cadastral Popp van Schaalwijk de 1866 &#8211; Bogards, Alexiens, Midi<\/p>\n<p>[\/et_pb_text][\/et_pb_column][\/et_pb_row][et_pb_row column_structure=&#8221;1_2,1_2&#8243; _builder_version=&#8221;4.14.7&#8243; _module_preset=&#8221;default&#8221; global_colors_info=&#8221;{}&#8221;][et_pb_column type=&#8221;1_2&#8243; _builder_version=&#8221;4.14.7&#8243; _module_preset=&#8221;default&#8221; global_colors_info=&#8221;{}&#8221;][et_pb_image src=&#8221;http:\/\/stjac.be\/wp-content\/uploads\/2022\/08\/Kadasterpla-Craan-1833-Pierre-Charbon-Plattesteen-et-StGery-1-scaled.jpg&#8221; title_text=&#8221;Kadasterpla Craan 1833 Pierre-Charbon-Plattesteen et StG\u00e9ry&#8221; url=&#8221;https:\/\/drive.google.com\/file\/d\/1Vne3r8KlHNdBRC_zz0XzyZLJ3rHzmn4J\/view?usp=sharing&#8221; url_new_window=&#8221;on&#8221; _builder_version=&#8221;4.14.7&#8243; _module_preset=&#8221;default&#8221; global_colors_info=&#8221;{}&#8221;][\/et_pb_image][et_pb_text _builder_version=&#8221;4.14.7&#8243; _module_preset=&#8221;default&#8221; global_colors_info=&#8221;{}&#8221;]<\/p>\n<p>Plan cadastral Craan de 1833 &#8211; Pierre, Charbon, Plattesteen, St-G\u00e9ry<\/p>\n<p>[\/et_pb_text][\/et_pb_column][et_pb_column type=&#8221;1_2&#8243; _builder_version=&#8221;4.14.7&#8243; _module_preset=&#8221;default&#8221; global_colors_info=&#8221;{}&#8221;][et_pb_image src=&#8221;http:\/\/stjac.be\/wp-content\/uploads\/2022\/08\/Kadasterpla-Craan-1833-Sud-Ouest-du-Quartier-Anderlechtsestw-1-scaled.jpg&#8221; title_text=&#8221;Kadasterpla Craan 1833 Sud-Ouest du Quartier Anderlechtsestw&#8221; url=&#8221;https:\/\/drive.google.com\/file\/d\/1KIyTld2c-mg5HxoHCp7IobjQBEFIvCGe\/view?usp=sharing&#8221; url_new_window=&#8221;on&#8221; _builder_version=&#8221;4.14.7&#8243; _module_preset=&#8221;default&#8221; global_colors_info=&#8221;{}&#8221;][\/et_pb_image][et_pb_text _builder_version=&#8221;4.14.7&#8243; _module_preset=&#8221;default&#8221; global_colors_info=&#8221;{}&#8221;]<\/p>\n<p>Plan cadastral Craan de 1833 &#8211; Sud-ouest du Quartier<\/p>\n<p>[\/et_pb_text][\/et_pb_column][\/et_pb_row][\/et_pb_section]<\/p>\n","protected":false},"excerpt":{"rendered":"<p>Vous avez un doute sur le p\u00e9rim\u00e8tre du Quartier Saint-Jacques de Bruxelles\u00a0? Consultez la carte ici et voici la liste des rues, places et impasses actuelles, en ordre alphab\u00e9tique, avec leur d\u00e9nomination en n\u00e9erlandais. Les cartes anciennes de Bruxelles vous montrent la ville avant le vo\u00fbtement de la Senne, avant le percement de la rue [&hellip;]<\/p>\n","protected":false},"author":1,"featured_media":0,"parent":0,"menu_order":0,"comment_status":"closed","ping_status":"closed","template":"","meta":{"_et_pb_use_builder":"on","_et_pb_old_content":"<!-- wp:divi\/placeholder \/-->","_et_gb_content_width":"","footnotes":""},"class_list":["post-7212","page","type-page","status-publish","hentry"],"_links":{"self":[{"href":"https:\/\/stjac.be\/index.php?rest_route=\/wp\/v2\/pages\/7212","targetHints":{"allow":["GET"]}}],"collection":[{"href":"https:\/\/stjac.be\/index.php?rest_route=\/wp\/v2\/pages"}],"about":[{"href":"https:\/\/stjac.be\/index.php?rest_route=\/wp\/v2\/types\/page"}],"author":[{"embeddable":true,"href":"https:\/\/stjac.be\/index.php?rest_route=\/wp\/v2\/users\/1"}],"replies":[{"embeddable":true,"href":"https:\/\/stjac.be\/index.php?rest_route=%2Fwp%2Fv2%2Fcomments&post=7212"}],"version-history":[{"count":9,"href":"https:\/\/stjac.be\/index.php?rest_route=\/wp\/v2\/pages\/7212\/revisions"}],"predecessor-version":[{"id":7266,"href":"https:\/\/stjac.be\/index.php?rest_route=\/wp\/v2\/pages\/7212\/revisions\/7266"}],"wp:attachment":[{"href":"https:\/\/stjac.be\/index.php?rest_route=%2Fwp%2Fv2%2Fmedia&parent=7212"}],"curies":[{"name":"wp","href":"https:\/\/api.w.org\/{rel}","templated":true}]}}