{"id":2,"date":"2020-03-11T19:30:20","date_gmt":"2020-03-11T18:30:20","guid":{"rendered":"http:\/\/stjac.be\/?page_id=2"},"modified":"2025-09-04T14:25:37","modified_gmt":"2025-09-04T12:25:37","slug":"page-d-exemple","status":"publish","type":"page","link":"https:\/\/stjac.be\/","title":{"rendered":"Accueil"},"content":{"rendered":"<p>[et_pb_section fb_built=&#8221;1&#8243; admin_label=&#8221;Header&#8221; _builder_version=&#8221;4.16&#8243; background_image=&#8221;http:\/\/stjac.be\/wp-content\/uploads\/2020\/04\/Bijstandskerk-scaled.jpg&#8221; max_width_last_edited=&#8221;off|desktop&#8221; module_alignment=&#8221;center&#8221; min_height=&#8221;311px&#8221; custom_margin=&#8221;31px|5%|64px|5%|false|true&#8221; custom_margin_tablet=&#8221;0%|0%||0%||true&#8221; custom_margin_phone=&#8221;&#8221; custom_margin_last_edited=&#8221;on|desktop&#8221; custom_padding=&#8221;0vw||20px||false|false&#8221; global_colors_info=&#8221;{}&#8221;][et_pb_row _builder_version=&#8221;4.16&#8243; global_colors_info=&#8221;{}&#8221;][et_pb_column type=&#8221;4_4&#8243; _builder_version=&#8221;4.16&#8243; global_colors_info=&#8221;{}&#8221;][et_pb_text _builder_version=&#8221;4.16&#8243; text_font=&#8221;Frank Ruhl Libre||||||||&#8221; text_font_size=&#8221;50px&#8221; text_line_height=&#8221;1.1em&#8221; header_font=&#8221;Frank Ruhl Libre||||||||&#8221; header_font_size=&#8221;50px&#8221; global_colors_info=&#8221;{}&#8221;]<\/p>\n<p><span style=\"color: #ffffff;\"><strong>Le quartier Saint-Jacques<br \/><span style=\"font-size: xx-large;\">Un village au coeur de Bruxelles<\/span><\/strong><\/span><\/p>\n<p>[\/et_pb_text][\/et_pb_column][\/et_pb_row][et_pb_row column_structure=&#8221;1_2,1_2&#8243; _builder_version=&#8221;4.16&#8243; _module_preset=&#8221;default&#8221; global_colors_info=&#8221;{}&#8221;][et_pb_column type=&#8221;1_2&#8243; _builder_version=&#8221;4.16&#8243; _module_preset=&#8221;default&#8221; global_colors_info=&#8221;{}&#8221;][et_pb_button button_url=&#8221;http:\/\/stjac.be\/?page_id=2034&#8243; url_new_window=&#8221;on&#8221; button_text=&#8221;Carte du quartier&#8221; button_alignment=&#8221;right&#8221; _builder_version=&#8221;4.16&#8243; custom_button=&#8221;on&#8221; button_text_size=&#8221;16px&#8221; button_text_color=&#8221;#ffffff&#8221; button_bg_color=&#8221;#c9522a&#8221; button_border_color=&#8221;rgba(0,0,0,0)&#8221; button_border_radius=&#8221;0px&#8221; button_letter_spacing=&#8221;0px&#8221; button_font=&#8221;|700|||||||&#8221; button_icon=&#8221;&#x24;||divi||400&#8243; button_on_hover=&#8221;off&#8221; custom_margin=&#8221;0px||||false|false&#8221; custom_padding=&#8221;19px|75px|19px|75px|true|true&#8221; animation_style=&#8221;slide&#8221; animation_direction=&#8221;right&#8221; animation_duration=&#8221;1400ms&#8221; animation_intensity_slide=&#8221;10%&#8221; global_colors_info=&#8221;{}&#8221; button_text_size__hover_enabled=&#8221;off&#8221; button_one_text_size__hover_enabled=&#8221;off&#8221; button_two_text_size__hover_enabled=&#8221;off&#8221; button_text_color__hover_enabled=&#8221;off&#8221; button_one_text_color__hover_enabled=&#8221;off&#8221; button_two_text_color__hover_enabled=&#8221;off&#8221; button_border_width__hover_enabled=&#8221;off&#8221; button_one_border_width__hover_enabled=&#8221;off&#8221; button_two_border_width__hover_enabled=&#8221;off&#8221; button_border_color__hover_enabled=&#8221;off&#8221; button_one_border_color__hover_enabled=&#8221;off&#8221; button_two_border_color__hover_enabled=&#8221;off&#8221; button_border_radius__hover_enabled=&#8221;off&#8221; button_one_border_radius__hover_enabled=&#8221;off&#8221; button_two_border_radius__hover_enabled=&#8221;off&#8221; button_letter_spacing__hover_enabled=&#8221;off&#8221; button_one_letter_spacing__hover_enabled=&#8221;off&#8221; button_two_letter_spacing__hover_enabled=&#8221;off&#8221; button_bg_color__hover_enabled=&#8221;off&#8221; button_one_bg_color__hover_enabled=&#8221;off&#8221; button_two_bg_color__hover_enabled=&#8221;off&#8221;][\/et_pb_button][\/et_pb_column][et_pb_column type=&#8221;1_2&#8243; _builder_version=&#8221;4.16&#8243; _module_preset=&#8221;default&#8221; global_colors_info=&#8221;{}&#8221;][et_pb_button button_url=&#8221;http:\/\/stjac.be\/?page_id=7744&#8243; url_new_window=&#8221;on&#8221; button_text=&#8221;Nos recommandations 2024&#8243; button_alignment=&#8221;right&#8221; _builder_version=&#8221;4.21.0&#8243; custom_button=&#8221;on&#8221; button_text_size=&#8221;16px&#8221; button_text_color=&#8221;#FFFFFF&#8221; button_bg_color=&#8221;#1b365d&#8221; button_border_color=&#8221;rgba(0,0,0,0)&#8221; button_border_radius=&#8221;0px&#8221; button_letter_spacing=&#8221;0px&#8221; button_font=&#8221;|700|||||||&#8221; button_icon=&#8221;&#x24;||divi||400&#8243; button_on_hover=&#8221;off&#8221; custom_margin=&#8221;0px||||false|false&#8221; custom_padding=&#8221;19px|75px|19px|75px|true|true&#8221; animation_style=&#8221;slide&#8221; animation_direction=&#8221;right&#8221; animation_duration=&#8221;1400ms&#8221; animation_intensity_slide=&#8221;10%&#8221; global_colors_info=&#8221;{}&#8221; button_text_size__hover_enabled=&#8221;off&#8221; button_one_text_size__hover_enabled=&#8221;off&#8221; button_two_text_size__hover_enabled=&#8221;off&#8221; button_text_color__hover_enabled=&#8221;off&#8221; button_one_text_color__hover_enabled=&#8221;off&#8221; button_two_text_color__hover_enabled=&#8221;off&#8221; button_border_width__hover_enabled=&#8221;off&#8221; button_one_border_width__hover_enabled=&#8221;off&#8221; button_two_border_width__hover_enabled=&#8221;off&#8221; button_border_color__hover_enabled=&#8221;off&#8221; button_one_border_color__hover_enabled=&#8221;off&#8221; button_two_border_color__hover_enabled=&#8221;off&#8221; button_border_radius__hover_enabled=&#8221;off&#8221; button_one_border_radius__hover_enabled=&#8221;off&#8221; button_two_border_radius__hover_enabled=&#8221;off&#8221; button_letter_spacing__hover_enabled=&#8221;off&#8221; button_one_letter_spacing__hover_enabled=&#8221;off&#8221; button_two_letter_spacing__hover_enabled=&#8221;off&#8221; button_bg_color__hover_enabled=&#8221;off&#8221; button_one_bg_color__hover_enabled=&#8221;off&#8221; button_two_bg_color__hover_enabled=&#8221;off&#8221;][\/et_pb_button][\/et_pb_column][\/et_pb_row][et_pb_row column_structure=&#8221;1_2,1_2&#8243; _builder_version=&#8221;4.16&#8243; _module_preset=&#8221;default&#8221; global_colors_info=&#8221;{}&#8221;][et_pb_column type=&#8221;1_2&#8243; _builder_version=&#8221;4.16&#8243; _module_preset=&#8221;default&#8221; global_colors_info=&#8221;{}&#8221;][et_pb_button button_url=&#8221;http:\/\/stjac.be\/?page_id=7537&#8243; url_new_window=&#8221;on&#8221; button_text=&#8221;Les Rendez-Vous Musicaux 2024&#8243; button_alignment=&#8221;right&#8221; _builder_version=&#8221;4.23.4&#8243; custom_button=&#8221;on&#8221; button_text_size=&#8221;16px&#8221; button_text_color=&#8221;#FFFFFF&#8221; button_bg_color=&#8221;#E09900&#8243; button_border_color=&#8221;rgba(0,0,0,0)&#8221; button_border_radius=&#8221;0px&#8221; button_letter_spacing=&#8221;0px&#8221; button_font=&#8221;|700|||||||&#8221; button_icon=&#8221;&#x24;||divi||400&#8243; button_on_hover=&#8221;off&#8221; custom_margin=&#8221;0px||||false|false&#8221; custom_padding=&#8221;19px|75px|19px|75px|true|true&#8221; animation_style=&#8221;slide&#8221; animation_direction=&#8221;right&#8221; animation_duration=&#8221;1400ms&#8221; animation_intensity_slide=&#8221;10%&#8221; global_colors_info=&#8221;{}&#8221; button_text_size__hover_enabled=&#8221;off&#8221; button_one_text_size__hover_enabled=&#8221;off&#8221; button_two_text_size__hover_enabled=&#8221;off&#8221; button_text_color__hover_enabled=&#8221;off&#8221; button_one_text_color__hover_enabled=&#8221;off&#8221; button_two_text_color__hover_enabled=&#8221;off&#8221; button_border_width__hover_enabled=&#8221;off&#8221; button_one_border_width__hover_enabled=&#8221;off&#8221; button_two_border_width__hover_enabled=&#8221;off&#8221; button_border_color__hover_enabled=&#8221;off&#8221; button_one_border_color__hover_enabled=&#8221;off&#8221; button_two_border_color__hover_enabled=&#8221;off&#8221; button_border_radius__hover_enabled=&#8221;off&#8221; button_one_border_radius__hover_enabled=&#8221;off&#8221; button_two_border_radius__hover_enabled=&#8221;off&#8221; button_letter_spacing__hover_enabled=&#8221;off&#8221; button_one_letter_spacing__hover_enabled=&#8221;off&#8221; button_two_letter_spacing__hover_enabled=&#8221;off&#8221; button_bg_color__hover_enabled=&#8221;off&#8221; button_one_bg_color__hover_enabled=&#8221;off&#8221; button_two_bg_color__hover_enabled=&#8221;off&#8221;][\/et_pb_button][\/et_pb_column][et_pb_column type=&#8221;1_2&#8243; _builder_version=&#8221;4.16&#8243; _module_preset=&#8221;default&#8221; global_colors_info=&#8221;{}&#8221;][et_pb_button button_url=&#8221;http:\/\/stjac.be\/?page_id=6284&#8243; url_new_window=&#8221;on&#8221; button_text=&#8221;Les Jacqueries &#8211; 13 et 14 septembre 2025&#8243; button_alignment=&#8221;right&#8221; _builder_version=&#8221;4.23.4&#8243; custom_button=&#8221;on&#8221; button_text_size=&#8221;16px&#8221; button_text_color=&#8221;#FFFFFF&#8221; button_bg_color=&#8221;#E09900&#8243; button_border_color=&#8221;rgba(0,0,0,0)&#8221; button_border_radius=&#8221;0px&#8221; button_letter_spacing=&#8221;0px&#8221; button_font=&#8221;|700|||||||&#8221; button_icon=&#8221;&#x24;||divi||400&#8243; button_on_hover=&#8221;off&#8221; custom_margin=&#8221;0px||||false|false&#8221; custom_padding=&#8221;19px|75px|19px|75px|true|true&#8221; animation_style=&#8221;slide&#8221; animation_direction=&#8221;right&#8221; animation_duration=&#8221;1400ms&#8221; animation_intensity_slide=&#8221;10%&#8221; hover_enabled=&#8221;0&#8243; global_colors_info=&#8221;{}&#8221; button_text_size__hover_enabled=&#8221;off&#8221; button_one_text_size__hover_enabled=&#8221;off&#8221; button_two_text_size__hover_enabled=&#8221;off&#8221; button_text_color__hover_enabled=&#8221;off&#8221; button_one_text_color__hover_enabled=&#8221;off&#8221; button_two_text_color__hover_enabled=&#8221;off&#8221; button_border_width__hover_enabled=&#8221;off&#8221; button_one_border_width__hover_enabled=&#8221;off&#8221; button_two_border_width__hover_enabled=&#8221;off&#8221; button_border_color__hover_enabled=&#8221;off&#8221; button_one_border_color__hover_enabled=&#8221;off&#8221; button_two_border_color__hover_enabled=&#8221;off&#8221; button_border_radius__hover_enabled=&#8221;off&#8221; button_one_border_radius__hover_enabled=&#8221;off&#8221; button_two_border_radius__hover_enabled=&#8221;off&#8221; button_letter_spacing__hover_enabled=&#8221;off&#8221; button_one_letter_spacing__hover_enabled=&#8221;off&#8221; button_two_letter_spacing__hover_enabled=&#8221;off&#8221; button_bg_color__hover_enabled=&#8221;off&#8221; button_one_bg_color__hover_enabled=&#8221;off&#8221; button_two_bg_color__hover_enabled=&#8221;off&#8221; sticky_enabled=&#8221;0&#8243;][\/et_pb_button][\/et_pb_column][\/et_pb_row][\/et_pb_section][et_pb_section fb_built=&#8221;1&#8243; _builder_version=&#8221;4.16&#8243; custom_margin=&#8221;-63px||||false|false&#8221; global_colors_info=&#8221;{}&#8221;][et_pb_row _builder_version=&#8221;4.16&#8243; custom_margin=&#8221;-19px||||false|false&#8221; global_colors_info=&#8221;{}&#8221;][et_pb_column type=&#8221;4_4&#8243; _builder_version=&#8221;4.16&#8243; global_colors_info=&#8221;{}&#8221;][et_pb_text _builder_version=&#8221;4.16&#8243; global_colors_info=&#8221;{}&#8221;]<\/p>\n<p style=\"text-align: justify;\">Un quartier vivant m\u00ealant habitants, commer\u00e7ants, artisans, artistes, cr\u00e9ateurs et visiteurs.\u00a0 Un quartier dynamique avec une grande offre culturelle<strong>.\u00a0\u00a0Un village au c\u0153ur de Bruxelles<\/strong>.\u00a0 Un quartier qui a plus de mille ans d\u2019histoire.\u00a0 Un quartier ouvert \u00e0 la diversit\u00e9.\u00a0 Un quartier anim\u00e9 \u2026 o\u00f9 il fait bon vivre.\u00a0 Le quartier de Manneken Pis!<\/p>\n<p>C\u2019est dans\u00a0<span><a href=\"http:\/\/stjac.be\/?page_id=2034\" target=\"_blank\" rel=\"noopener noreferrer\"><span style=\"text-decoration: underline;\">l\u2019hypercentre de Bruxelles<\/span><\/a><\/span>\u00a0que \u00e7a se passe!\u00a0 Situ\u00e9 entre le Sablon, Saint-G\u00e9ry et Dansaert,\u00a0<strong>au c\u0153ur du pi\u00e9tonnier<\/strong>,\u00a0le quartier Saint-Jacques s\u2019est d\u00e9velopp\u00e9 autour de l\u2019\u00c9glise de Bon Secours dans la Rue du March\u00e9 au Charbon.<\/p>\n<p>Vous y habitez, vous y tenez un commerce,\u00a0vous y travaillez\u00a0ou vous aimez tout simplement vous y rendre\u00a0pour y fl\u00e2ner?\u00a0 \u00a0<strong>Ce site est fait pour vous<\/strong>!\u00a0 Vous y trouverez des infos pratiques, des bons plans, et bien plus encore.<\/p>\n<p>[\/et_pb_text][\/et_pb_column][\/et_pb_row][\/et_pb_section][et_pb_section fb_built=&#8221;1&#8243; _builder_version=&#8221;4.16&#8243; custom_margin=&#8221;-75px||-60px||false|false&#8221; global_colors_info=&#8221;{}&#8221;][et_pb_row column_structure=&#8221;1_3,1_3,1_3&#8243; _builder_version=&#8221;4.16&#8243; global_colors_info=&#8221;{}&#8221;][et_pb_column type=&#8221;1_3&#8243; _builder_version=&#8221;4.16&#8243; global_colors_info=&#8221;{}&#8221;][\/et_pb_column][et_pb_column type=&#8221;1_3&#8243; _builder_version=&#8221;4.16&#8243; global_colors_info=&#8221;{}&#8221;][et_pb_image src=&#8221;http:\/\/stjac.be\/wp-content\/uploads\/2021\/03\/Manneken-Pis-1-2-scaled.jpg&#8221; title_text=&#8221;Manneken Pis (1)&#8221; url=&#8221;http:\/\/stjac.be\/?page_id=180&#8243; url_new_window=&#8221;on&#8221; _builder_version=&#8221;4.16&#8243; global_colors_info=&#8221;{}&#8221;][\/et_pb_image][et_pb_text _builder_version=&#8221;4.16&#8243; custom_padding=&#8221;15px||15px||false|false&#8221; border_width_all=&#8221;1px&#8221; border_color_all=&#8221;#d9d9d9&#8243; global_colors_info=&#8221;{}&#8221;]<\/p>\n<p style=\"text-align: center;\"><span style=\"text-decoration: underline;\"><a href=\"http:\/\/stjac.be\/?page_id=180\" target=\"_blank\" rel=\"noopener noreferrer\"><strong>Qui sommes nous?<\/strong><\/a><\/span><\/p>\n<p>[\/et_pb_text][\/et_pb_column][et_pb_column type=&#8221;1_3&#8243; _builder_version=&#8221;4.16&#8243; global_colors_info=&#8221;{}&#8221;][\/et_pb_column][\/et_pb_row][et_pb_row column_structure=&#8221;1_3,1_3,1_3&#8243; _builder_version=&#8221;4.16&#8243; global_colors_info=&#8221;{}&#8221;][et_pb_column type=&#8221;1_3&#8243; _builder_version=&#8221;4.16&#8243; global_colors_info=&#8221;{}&#8221;][et_pb_image src=&#8221;http:\/\/stjac.be\/wp-content\/uploads\/2020\/04\/Photo-dambiance-2-Vert-Home-scaled.jpg&#8221; url=&#8221;http:\/\/stjac.be\/?page_id=152&#8243; url_new_window=&#8221;on&#8221; _builder_version=&#8221;4.16&#8243; global_colors_info=&#8221;{}&#8221;][\/et_pb_image][et_pb_text _builder_version=&#8221;4.16&#8243; custom_padding=&#8221;15px||15px||false|false&#8221; border_width_all=&#8221;1px&#8221; border_color_all=&#8221;#d9d9d9&#8243; global_colors_info=&#8221;{}&#8221;]<\/p>\n<p style=\"text-align: center;\"><span style=\"text-decoration: underline;\"><a href=\"http:\/\/stjac.be\/?page_id=152\" target=\"_blank\" rel=\"noopener noreferrer\"><strong>Le Quartier de A \u00e0 Z<\/strong><\/a><\/span><\/p>\n<p>[\/et_pb_text][\/et_pb_column][et_pb_column type=&#8221;1_3&#8243; _builder_version=&#8221;4.16&#8243; global_colors_info=&#8221;{}&#8221;][et_pb_image src=&#8221;http:\/\/stjac.be\/wp-content\/uploads\/2020\/04\/Commerces-Home-scaled.jpg&#8221; url=&#8221;http:\/\/stjac.be\/?page_id=1631&#8243; url_new_window=&#8221;on&#8221; _builder_version=&#8221;4.16&#8243; global_colors_info=&#8221;{}&#8221;][\/et_pb_image][et_pb_text _builder_version=&#8221;4.16&#8243; custom_padding=&#8221;15px||15px||false|false&#8221; border_width_all=&#8221;1px&#8221; border_color_all=&#8221;#d9d9d9&#8243; global_colors_info=&#8221;{}&#8221;]<\/p>\n<p style=\"text-align: center;\"><span style=\"text-decoration: underline;\"><a href=\"http:\/\/stjac.be\/?page_id=1631\" target=\"_blank\" rel=\"noopener noreferrer\"><strong>Commerces<\/strong><\/a><\/span><\/p>\n<p>[\/et_pb_text][\/et_pb_column][et_pb_column type=&#8221;1_3&#8243; _builder_version=&#8221;4.16&#8243; global_colors_info=&#8221;{}&#8221;][et_pb_image src=&#8221;http:\/\/stjac.be\/wp-content\/uploads\/2020\/04\/Horeca-2-px-scaled.jpg&#8221; url=&#8221;http:\/\/stjac.be\/?page_id=3616&#8243; url_new_window=&#8221;on&#8221; _builder_version=&#8221;4.16&#8243; global_colors_info=&#8221;{}&#8221;][\/et_pb_image][et_pb_text _builder_version=&#8221;4.16&#8243; custom_padding=&#8221;15px||15px||false|false&#8221; link_option_url=&#8221;http:\/\/stjac.be\/?page_id=3616&#8243; link_option_url_new_window=&#8221;on&#8221; border_width_all=&#8221;1px&#8221; border_color_all=&#8221;#d9d9d9&#8243; global_colors_info=&#8221;{}&#8221;]<\/p>\n<p style=\"text-align: center;\"><span style=\"text-decoration: underline;\"><a href=\"http:\/\/stjac.be\/?page_id=3616\" target=\"_blank\" rel=\"noopener noreferrer\"><strong>Horeca<\/strong><\/a><\/span><\/p>\n<p>[\/et_pb_text][\/et_pb_column][\/et_pb_row][et_pb_row column_structure=&#8221;1_3,1_3,1_3&#8243; _builder_version=&#8221;4.16&#8243; global_colors_info=&#8221;{}&#8221;][et_pb_column type=&#8221;1_3&#8243; _builder_version=&#8221;4.16&#8243; global_colors_info=&#8221;{}&#8221;][et_pb_image src=&#8221;http:\/\/stjac.be\/wp-content\/uploads\/2022\/07\/Histoire-Menu-px-v2.png&#8221; title_text=&#8221;Histoire &#8211; Menu &#8211; px v2&#8243; url=&#8221;http:\/\/stjac.be\/?page_id=6729&#8243; url_new_window=&#8221;on&#8221; _builder_version=&#8221;4.18.0&#8243; _module_preset=&#8221;default&#8221; global_colors_info=&#8221;{}&#8221;][\/et_pb_image][et_pb_text _builder_version=&#8221;4.18.0&#8243; custom_padding=&#8221;15px||15px||false|false&#8221; border_width_all=&#8221;1px&#8221; border_color_all=&#8221;#d9d9d9&#8243; global_colors_info=&#8221;{}&#8221;]<\/p>\n<p style=\"text-align: center;\"><a href=\"http:\/\/stjac.be\/?page_id=6729\" target=\"_blank\" rel=\"noopener\"><span style=\"text-decoration: underline;\"><strong>Histoire<\/strong><\/span><\/a><\/p>\n<p>[\/et_pb_text][\/et_pb_column][et_pb_column type=&#8221;1_3&#8243; _builder_version=&#8221;4.16&#8243; global_colors_info=&#8221;{}&#8221;][et_pb_image src=&#8221;http:\/\/stjac.be\/wp-content\/uploads\/2022\/07\/Ballades-Menu-v2.png&#8221; title_text=&#8221;Ballades &#8211; Menu v2&#8243; url=&#8221;http:\/\/stjac.be\/?page_id=186&#8243; url_new_window=&#8221;on&#8221; _builder_version=&#8221;4.16&#8243; global_colors_info=&#8221;{}&#8221;][\/et_pb_image][et_pb_text _builder_version=&#8221;4.19.0&#8243; custom_padding=&#8221;15px||15px||false|false&#8221; border_width_all=&#8221;1px&#8221; border_color_all=&#8221;#d9d9d9&#8243; global_colors_info=&#8221;{}&#8221;]<\/p>\n<p style=\"text-align: center;\"><a href=\"http:\/\/stjac.be\/?page_id=186\" target=\"_blank\" rel=\"noopener\"><b><u>Balades<\/u><\/b><\/a><\/p>\n<p>[\/et_pb_text][\/et_pb_column][et_pb_column type=&#8221;1_3&#8243; _builder_version=&#8221;4.16&#8243; global_colors_info=&#8221;{}&#8221;][et_pb_image src=&#8221;http:\/\/stjac.be\/wp-content\/uploads\/2020\/04\/Events-px-scaled.jpg&#8221; url=&#8221;http:\/\/stjac.be\/?page_id=3725&#8243; url_new_window=&#8221;on&#8221; _builder_version=&#8221;4.16&#8243; global_colors_info=&#8221;{}&#8221;][\/et_pb_image][et_pb_text _builder_version=&#8221;4.16&#8243; custom_padding=&#8221;15px||15px||false|false&#8221; border_width_all=&#8221;1px&#8221; border_color_all=&#8221;#d9d9d9&#8243; global_colors_info=&#8221;{}&#8221;]<\/p>\n<p style=\"text-align: center;\"><strong><a href=\"http:\/\/stjac.be\/?page_id=3725\" target=\"_blank\" rel=\"noopener noreferrer\"><span style=\"text-decoration: underline;\">Events<\/span><\/a><\/strong><\/p>\n<p>[\/et_pb_text][\/et_pb_column][\/et_pb_row][et_pb_row column_structure=&#8221;1_3,1_3,1_3&#8243; _builder_version=&#8221;4.16&#8243; global_colors_info=&#8221;{}&#8221;][et_pb_column type=&#8221;1_3&#8243; _builder_version=&#8221;4.16&#8243; global_colors_info=&#8221;{}&#8221;][et_pb_image src=&#8221;http:\/\/stjac.be\/wp-content\/uploads\/2020\/04\/Brel-px-scaled.jpg&#8221; url=&#8221;http:\/\/stjac.be\/?page_id=1243&#8243; url_new_window=&#8221;on&#8221; _builder_version=&#8221;4.16&#8243; global_colors_info=&#8221;{}&#8221;][\/et_pb_image][et_pb_text _builder_version=&#8221;4.16&#8243; custom_padding=&#8221;15px||15px||false|false&#8221; border_width_all=&#8221;1px&#8221; border_color_all=&#8221;#d9d9d9&#8243; global_colors_info=&#8221;{}&#8221;]<\/p>\n<p style=\"text-align: center;\"><span style=\"text-decoration: underline;\"><a href=\"http:\/\/stjac.be\/?page_id=1243\" target=\"_blank\" rel=\"noopener noreferrer\"><strong>Stars<\/strong><\/a><\/span><\/p>\n<p>[\/et_pb_text][\/et_pb_column][et_pb_column type=&#8221;1_3&#8243; _builder_version=&#8221;4.16&#8243; global_colors_info=&#8221;{}&#8221;][et_pb_image src=&#8221;http:\/\/stjac.be\/wp-content\/uploads\/2020\/04\/Suivez-nous-scaled.jpg&#8221; url=&#8221;http:\/\/stjac.be\/?page_id=1248&#8243; url_new_window=&#8221;on&#8221; _builder_version=&#8221;4.16&#8243; global_colors_info=&#8221;{}&#8221;][\/et_pb_image][et_pb_text _builder_version=&#8221;4.16&#8243; custom_padding=&#8221;15px||15px||false|false&#8221; border_width_all=&#8221;1px&#8221; border_color_all=&#8221;#d9d9d9&#8243; global_colors_info=&#8221;{}&#8221;]<\/p>\n<p style=\"text-align: center;\"><span style=\"text-decoration: underline;\"><a href=\"http:\/\/stjac.be\/?page_id=1248\" target=\"_blank\" rel=\"noopener noreferrer\"><strong>Suivez-nous<\/strong><\/a><\/span><\/p>\n<p>[\/et_pb_text][\/et_pb_column][et_pb_column type=&#8221;1_3&#8243; _builder_version=&#8221;4.16&#8243; global_colors_info=&#8221;{}&#8221;][et_pb_image src=&#8221;http:\/\/stjac.be\/wp-content\/uploads\/2020\/04\/Promenade-BD-scaled.jpg&#8221; url=&#8221;http:\/\/stjac.be\/?page_id=363&#8243; url_new_window=&#8221;on&#8221; _builder_version=&#8221;4.16&#8243; global_colors_info=&#8221;{}&#8221;][\/et_pb_image][et_pb_text _builder_version=&#8221;4.16&#8243; custom_padding=&#8221;15px||15px||false|false&#8221; border_width_all=&#8221;1px&#8221; border_color_all=&#8221;#d9d9d9&#8243; global_colors_info=&#8221;{}&#8221;]<\/p>\n<p style=\"text-align: center;\"><span style=\"text-decoration: underline;\"><a href=\"http:\/\/stjac.be\/?page_id=363\" target=\"_blank\" rel=\"noopener noreferrer\"><strong>Contactez-nous<\/strong><\/a><\/span><\/p>\n<p>[\/et_pb_text][\/et_pb_column][\/et_pb_row][\/et_pb_section]<\/p>\n","protected":false},"excerpt":{"rendered":"<p>Le quartier Saint-JacquesUn village au coeur de BruxellesUn quartier vivant m\u00ealant habitants, commer\u00e7ants, artisans, artistes, cr\u00e9ateurs et visiteurs.\u00a0 Un quartier dynamique avec une grande offre culturelle.\u00a0\u00a0Un village au c\u0153ur de Bruxelles.\u00a0 Un quartier qui a plus de mille ans d\u2019histoire.\u00a0 Un quartier ouvert \u00e0 la diversit\u00e9.\u00a0 Un quartier anim\u00e9 \u2026 o\u00f9 il fait bon vivre.\u00a0 [&hellip;]<\/p>\n","protected":false},"author":1,"featured_media":0,"parent":0,"menu_order":1,"comment_status":"closed","ping_status":"closed","template":"","meta":{"_et_pb_use_builder":"on","_et_pb_old_content":"<!-- wp:gallery {\"ids\":[\"42\",\"46\",\"43\",\"45\",\"44\",\"47\"],\"align\":\"wide\"} -->\n<figure class=\"wp-block-gallery alignwide columns-3 is-cropped\"><ul class=\"blocks-gallery-grid\"><li class=\"blocks-gallery-item\"><figure><img src=\"http:\/\/stjac.be\/wp-content\/uploads\/2020\/03\/Le-QSJ.png\" alt=\"\" data-id=\"42\" data-full-url=\"http:\/\/stjac.be\/wp-content\/uploads\/2020\/03\/Le-QSJ.png\" data-link=\"http:\/\/stjac.be\/?attachment_id=42\" class=\"wp-image-42\"\/><figcaption class=\"blocks-gallery-item__caption\"><a href=\"http:\/\/stjac.be\/?page_id=14\" target=\"_blank\" rel=\"noreferrer noopener\" aria-label=\" (s\u2019ouvre dans un nouvel onglet)\">http:\/\/stjac.be\/?page_id=14<\/a><\/figcaption><\/figure><\/li><li class=\"blocks-gallery-item\"><figure><img src=\"http:\/\/stjac.be\/wp-content\/uploads\/2020\/03\/Qui-sommes-nous-v2.png\" alt=\"\" data-id=\"46\" data-full-url=\"http:\/\/stjac.be\/wp-content\/uploads\/2020\/03\/Qui-sommes-nous-v2.png\" data-link=\"http:\/\/stjac.be\/?attachment_id=46\" class=\"wp-image-46\"\/><figcaption class=\"blocks-gallery-item__caption\"><a href=\"http:\/\/stjac.be\/?page_id=17\" target=\"_blank\" rel=\"noreferrer noopener\" aria-label=\" (s\u2019ouvre dans un nouvel onglet)\">http:\/\/stjac.be\/?page_id=17<\/a><\/figcaption><\/figure><\/li><li class=\"blocks-gallery-item\"><figure><img src=\"http:\/\/stjac.be\/wp-content\/uploads\/2020\/03\/Le-quartier-de-A-a-Z.png\" alt=\"\" data-id=\"43\" data-full-url=\"http:\/\/stjac.be\/wp-content\/uploads\/2020\/03\/Le-quartier-de-A-a-Z.png\" data-link=\"http:\/\/stjac.be\/?attachment_id=43\" class=\"wp-image-43\"\/><figcaption class=\"blocks-gallery-item__caption\"><a href=\"http:\/\/stjac.be\/?page_id=19\" target=\"_blank\" rel=\"noreferrer noopener\" aria-label=\" (s\u2019ouvre dans un nouvel onglet)\">http:\/\/stjac.be\/?page_id=19<\/a><\/figcaption><\/figure><\/li><li class=\"blocks-gallery-item\"><figure><img src=\"http:\/\/stjac.be\/wp-content\/uploads\/2020\/03\/Les-tresors-du-quartier.png\" alt=\"\" data-id=\"45\" data-full-url=\"http:\/\/stjac.be\/wp-content\/uploads\/2020\/03\/Les-tresors-du-quartier.png\" data-link=\"http:\/\/stjac.be\/?attachment_id=45\" class=\"wp-image-45\"\/><figcaption class=\"blocks-gallery-item__caption\"> <a href=\"http:\/\/stjac.be\/?page_id=39\" target=\"_blank\" rel=\"noreferrer noopener\" aria-label=\" (s\u2019ouvre dans un nouvel onglet)\">http:\/\/stjac.be\/?page_id=39<\/a> <\/figcaption><\/figure><\/li><li class=\"blocks-gallery-item\"><figure><img src=\"http:\/\/stjac.be\/wp-content\/uploads\/2020\/03\/Les-stars-du-quartier.png\" alt=\"\" data-id=\"44\" data-full-url=\"http:\/\/stjac.be\/wp-content\/uploads\/2020\/03\/Les-stars-du-quartier.png\" data-link=\"http:\/\/stjac.be\/?attachment_id=44\" class=\"wp-image-44\"\/><figcaption class=\"blocks-gallery-item__caption\"> <a href=\"http:\/\/stjac.be\/?page_id=24\" target=\"_blank\" rel=\"noreferrer noopener\" aria-label=\" (s\u2019ouvre dans un nouvel onglet)\">http:\/\/stjac.be\/?page_id=24<\/a> <\/figcaption><\/figure><\/li><li class=\"blocks-gallery-item\"><figure><img src=\"http:\/\/stjac.be\/wp-content\/uploads\/2020\/03\/St-Jac-News.png\" alt=\"\" data-id=\"47\" data-full-url=\"http:\/\/stjac.be\/wp-content\/uploads\/2020\/03\/St-Jac-News.png\" data-link=\"http:\/\/stjac.be\/?attachment_id=47\" class=\"wp-image-47\"\/><\/figure><\/li><\/ul><\/figure>\n<!-- \/wp:gallery -->","_et_gb_content_width":"","footnotes":""},"class_list":["post-2","page","type-page","status-publish","hentry"],"_links":{"self":[{"href":"https:\/\/stjac.be\/index.php?rest_route=\/wp\/v2\/pages\/2","targetHints":{"allow":["GET"]}}],"collection":[{"href":"https:\/\/stjac.be\/index.php?rest_route=\/wp\/v2\/pages"}],"about":[{"href":"https:\/\/stjac.be\/index.php?rest_route=\/wp\/v2\/types\/page"}],"author":[{"embeddable":true,"href":"https:\/\/stjac.be\/index.php?rest_route=\/wp\/v2\/users\/1"}],"replies":[{"embeddable":true,"href":"https:\/\/stjac.be\/index.php?rest_route=%2Fwp%2Fv2%2Fcomments&post=2"}],"version-history":[{"count":332,"href":"https:\/\/stjac.be\/index.php?rest_route=\/wp\/v2\/pages\/2\/revisions"}],"predecessor-version":[{"id":8486,"href":"https:\/\/stjac.be\/index.php?rest_route=\/wp\/v2\/pages\/2\/revisions\/8486"}],"wp:attachment":[{"href":"https:\/\/stjac.be\/index.php?rest_route=%2Fwp%2Fv2%2Fmedia&parent=2"}],"curies":[{"name":"wp","href":"https:\/\/api.w.org\/{rel}","templated":true}]}}