{"id":180,"date":"2020-03-15T13:04:59","date_gmt":"2020-03-15T12:04:59","guid":{"rendered":"http:\/\/stjac.be\/?page_id=180"},"modified":"2022-07-16T19:37:52","modified_gmt":"2022-07-16T17:37:52","slug":"qui-sommes-nous","status":"publish","type":"page","link":"https:\/\/stjac.be\/?page_id=180","title":{"rendered":"Qui sommes-nous?"},"content":{"rendered":"<p>[et_pb_section fb_built=&#8221;1&#8243; admin_label=&#8221;Header&#8221; _builder_version=&#8221;4.6.6&#8243; background_image=&#8221;http:\/\/stjac.be\/wp-content\/uploads\/2021\/03\/Manneken-Pis-1-kopie-scaled.jpg&#8221; max_width_last_edited=&#8221;off|desktop&#8221; module_alignment=&#8221;center&#8221; min_height=&#8221;311px&#8221; custom_margin=&#8221;31px|5%|64px|5%|false|true&#8221; custom_margin_tablet=&#8221;0%|0%||0%||true&#8221; custom_margin_phone=&#8221;&#8221; custom_margin_last_edited=&#8221;on|desktop&#8221; custom_padding=&#8221;0vw||20px||false|false&#8221;][et_pb_row _builder_version=&#8221;4.4.1&#8243;][et_pb_column type=&#8221;4_4&#8243; _builder_version=&#8221;4.4.1&#8243;][et_pb_text _builder_version=&#8221;4.9.7&#8243; text_font=&#8221;Frank Ruhl Libre||||||||&#8221; text_font_size=&#8221;50px&#8221; text_line_height=&#8221;1.1em&#8221; header_font=&#8221;Frank Ruhl Libre||||||||&#8221; header_font_size=&#8221;50px&#8221; hover_enabled=&#8221;0&#8243; sticky_enabled=&#8221;0&#8243;]<\/p>\n<p><strong><span style=\"color: #ffffff;\">Qui sommes-nous?<\/span><\/strong><\/p>\n<p>[\/et_pb_text][\/et_pb_column][\/et_pb_row][et_pb_row _builder_version=&#8221;4.4.1&#8243;][et_pb_column type=&#8221;4_4&#8243; _builder_version=&#8221;4.4.1&#8243;][\/et_pb_column][\/et_pb_row][et_pb_row _builder_version=&#8221;4.4.1&#8243;][et_pb_column type=&#8221;4_4&#8243; _builder_version=&#8221;4.4.1&#8243;][\/et_pb_column][\/et_pb_row][et_pb_row column_structure=&#8221;1_2,1_2&#8243; _builder_version=&#8221;4.4.1&#8243;][et_pb_column type=&#8221;1_2&#8243; _builder_version=&#8221;4.4.1&#8243;][\/et_pb_column][et_pb_column type=&#8221;1_2&#8243; _builder_version=&#8221;4.4.1&#8243;][et_pb_button button_url=&#8221;http:\/\/stjac.be\/?page_id=1248&#8243; url_new_window=&#8221;on&#8221; button_text=&#8221;Suivez-nous&#8221; button_alignment=&#8221;right&#8221; _builder_version=&#8221;4.4.1&#8243; custom_button=&#8221;on&#8221; button_text_size=&#8221;16px&#8221; button_text_color=&#8221;#ffffff&#8221; button_bg_color=&#8221;#c9522a&#8221; button_border_color=&#8221;rgba(0,0,0,0)&#8221; button_border_radius=&#8221;0px&#8221; button_letter_spacing=&#8221;0px&#8221; button_font=&#8221;|700|||||||&#8221; button_icon=&#8221;%%3%%&#8221; button_on_hover=&#8221;off&#8221; custom_margin=&#8221;25px||||false|false&#8221; custom_padding=&#8221;15px|80px|15px|80px|true|true&#8221; animation_style=&#8221;slide&#8221; animation_direction=&#8221;right&#8221; animation_duration=&#8221;1400ms&#8221; animation_intensity_slide=&#8221;10%&#8221; button_text_size__hover_enabled=&#8221;off&#8221; button_one_text_size__hover_enabled=&#8221;off&#8221; button_two_text_size__hover_enabled=&#8221;off&#8221; button_text_color__hover_enabled=&#8221;off&#8221; button_one_text_color__hover_enabled=&#8221;off&#8221; button_two_text_color__hover_enabled=&#8221;off&#8221; button_border_width__hover_enabled=&#8221;off&#8221; button_one_border_width__hover_enabled=&#8221;off&#8221; button_two_border_width__hover_enabled=&#8221;off&#8221; button_border_color__hover_enabled=&#8221;off&#8221; button_one_border_color__hover_enabled=&#8221;off&#8221; button_two_border_color__hover_enabled=&#8221;off&#8221; button_border_radius__hover_enabled=&#8221;off&#8221; button_one_border_radius__hover_enabled=&#8221;off&#8221; button_two_border_radius__hover_enabled=&#8221;off&#8221; button_letter_spacing__hover_enabled=&#8221;off&#8221; button_one_letter_spacing__hover_enabled=&#8221;off&#8221; button_two_letter_spacing__hover_enabled=&#8221;off&#8221; button_bg_color__hover_enabled=&#8221;off&#8221; button_one_bg_color__hover_enabled=&#8221;off&#8221; button_two_bg_color__hover_enabled=&#8221;off&#8221;][\/et_pb_button][\/et_pb_column][\/et_pb_row][\/et_pb_section][et_pb_section fb_built=&#8221;1&#8243; _builder_version=&#8221;4.4.1&#8243; custom_margin=&#8221;-63px||||false|false&#8221;][et_pb_row _builder_version=&#8221;4.4.1&#8243; custom_margin=&#8221;-19px||||false|false&#8221;][et_pb_column type=&#8221;4_4&#8243; _builder_version=&#8221;4.4.1&#8243;][et_pb_text _builder_version=&#8221;4.4.1&#8243;]<\/p>\n<p style=\"text-align: justify;\">ASBL Quartier Saint-Jacques est une association d\u2019habitants\u00a0et de\u00a0commer\u00e7ants\u00a0qui s\u2019engagent pour notre quartier de mani\u00e8re b\u00e9n\u00e9vole.\u00a0 Notre association est \u00e0 la fois <strong>un comit\u00e9 de quartier et une association de commer\u00e7ants<\/strong>.\u00a0 Car l\u2019union fait la force!\u00a0 Nous poursuivons deux\u00a0grands objectifs: <strong>am\u00e9liorer notre quartier et cr\u00e9er du lien<\/strong>.\u00a0\u00a0<span style=\"font-size: 16px;\">Les actions entreprises par notre association font l\u2019objet d\u2019un\u00a0rapport annuel d\u00e9taill\u00e9.\u00a0 <\/span><span style=\"font-size: 16px; text-decoration-line: underline;\"><a href=\"http:\/\/stjac.be\/?page_id=1248\" target=\"_blank\" rel=\"noopener noreferrer\"><strong>Suivez nous!<\/strong><\/a><\/span><\/p>\n<p>[\/et_pb_text][\/et_pb_column][\/et_pb_row][\/et_pb_section][et_pb_section fb_built=&#8221;1&#8243; _builder_version=&#8221;4.4.1&#8243; custom_margin=&#8221;-70px||-60px||false|false&#8221;][et_pb_row column_structure=&#8221;1_2,1_2&#8243; _builder_version=&#8221;4.4.1&#8243; custom_margin=&#8221;-25px||||false|false&#8221;][et_pb_column type=&#8221;1_2&#8243; _builder_version=&#8221;4.4.1&#8243;][et_pb_image src=&#8221;http:\/\/stjac.be\/wp-content\/uploads\/2020\/04\/Assembl\u00e9e-G\u00e9n\u00e9rale-photo-nieuw-2.jpg&#8221; _builder_version=&#8221;4.4.1&#8243;][\/et_pb_image][et_pb_text _builder_version=&#8221;4.4.1&#8243;]<\/p>\n<p style=\"text-align: justify;\">Dans l\u2019objectif\u00a0d\u2019am\u00e9liorer le quartier Saint-Jacques, nous relayons\u00a0r\u00e9guli\u00e8rement aupr\u00e8s de l\u2019Administration de la Ville de Bruxelles\u00a0les demandes des habitants et des commer\u00e7ants.\u00a0 Nous avons \u00e0 c\u0153ur de\u00a0sugg\u00e9rer des pistes d\u2019am\u00e9liorations\u00a0et des projets int\u00e9ressants pour embellir notre quartier.<\/p>\n<p style=\"text-align: justify;\">La\u00a0<strong><span style=\"text-decoration: underline;\"><a href=\"https:\/\/drive.google.com\/file\/d\/117wt16yDuzKqgLxdN7he_Z5UVhSZdN36\/view?ts=5e77397c\" target=\"_blank\" rel=\"noopener noreferrer\">Charte du Quartier Saint-Jacques<\/a><\/span>\u00a0<\/strong>expose 12 priorit\u00e9s que nous mettons en \u0153uvre.<\/p>\n<p style=\"text-align: justify;\">Nous vous invitons \u00e0 consulter un\u00a0superbe\u00a0<a href=\"https:\/\/drive.google.com\/file\/d\/1IT1HI6VCeCsFFPumqCxtuqsbYwVAAHPY\/view?ts=5edcae15\" target=\"_blank\" rel=\"noopener noreferrer\"><span style=\"text-decoration: underline;\"><strong>r\u00e9cit illustr\u00e9<\/strong><\/span><\/a>\u00a0r\u00e9dig\u00e9 qui relate l\u2019histoire ancienne et r\u00e9cente de notre quartier et les avanc\u00e9es majeures, auxquelles le Comit\u00e9 de Quartier a contribu\u00e9 (auteur: Yvan Vandenbergh).<\/p>\n<p>[\/et_pb_text][\/et_pb_column][et_pb_column type=&#8221;1_2&#8243; _builder_version=&#8221;4.4.1&#8243;][et_pb_image src=&#8221;http:\/\/stjac.be\/wp-content\/uploads\/2020\/04\/R\u00e9unions-de-quartier-nieuw-scaled.jpg&#8221; _builder_version=&#8221;4.4.1&#8243;][\/et_pb_image][et_pb_text _builder_version=&#8221;4.9.2&#8243;]<\/p>\n<p style=\"text-align: justify;\">Dans l\u2019objectif de\u00a0cr\u00e9er du lien\u00a0dans le quartier Saint-Jacques, nous publions la\u00a0<strong>St Jac Newsletter<\/strong>, une publication hebdomadaire et bilingue, nous organisons la\u00a0<strong>f\u00eate des voisins<\/strong>;<strong>\u00a0<\/strong>nous organisons \u00e9galement des\u00a0<strong>r\u00e9unions de quartier<\/strong>,\u00a0qui sont des lieux\u00a0d\u2019\u00e9change d\u2019informations entre nous et avec l\u2019administration de la ville, et nous\u00a0animons la\u00a0<strong><a href=\"https:\/\/www.facebook.com\/quartiersaintjacques.be\" target=\"_blank\" rel=\"noopener noreferrer\"><span style=\"text-decoration: underline;\">page Facebook<\/span><\/a><\/strong>\u00a0du quartier Saint-Jacques.\u00a0 <strong><a href=\"http:\/\/stjac.be\/?page_id=1248\" target=\"_blank\" rel=\"noopener noreferrer\"><span style=\"text-decoration: underline;\">Suivez-nous!<\/span><\/a><\/strong><\/p>\n<p>[\/et_pb_text][\/et_pb_column][\/et_pb_row][\/et_pb_section]<\/p>\n","protected":false},"excerpt":{"rendered":"<p>Qui sommes-nous?ASBL Quartier Saint-Jacques est une association d\u2019habitants\u00a0et de\u00a0commer\u00e7ants\u00a0qui s\u2019engagent pour notre quartier de mani\u00e8re b\u00e9n\u00e9vole.\u00a0 Notre association est \u00e0 la fois un comit\u00e9 de quartier et une association de commer\u00e7ants.\u00a0 Car l\u2019union fait la force!\u00a0 Nous poursuivons deux\u00a0grands objectifs: am\u00e9liorer notre quartier et cr\u00e9er du lien.\u00a0\u00a0Les actions entreprises par notre association font l\u2019objet d\u2019un\u00a0rapport [&hellip;]<\/p>\n","protected":false},"author":1,"featured_media":0,"parent":0,"menu_order":2,"comment_status":"closed","ping_status":"closed","template":"","meta":{"_et_pb_use_builder":"on","_et_pb_old_content":"","_et_gb_content_width":"","footnotes":""},"class_list":["post-180","page","type-page","status-publish","hentry"],"_links":{"self":[{"href":"https:\/\/stjac.be\/index.php?rest_route=\/wp\/v2\/pages\/180","targetHints":{"allow":["GET"]}}],"collection":[{"href":"https:\/\/stjac.be\/index.php?rest_route=\/wp\/v2\/pages"}],"about":[{"href":"https:\/\/stjac.be\/index.php?rest_route=\/wp\/v2\/types\/page"}],"author":[{"embeddable":true,"href":"https:\/\/stjac.be\/index.php?rest_route=\/wp\/v2\/users\/1"}],"replies":[{"embeddable":true,"href":"https:\/\/stjac.be\/index.php?rest_route=%2Fwp%2Fv2%2Fcomments&post=180"}],"version-history":[{"count":141,"href":"https:\/\/stjac.be\/index.php?rest_route=\/wp\/v2\/pages\/180\/revisions"}],"predecessor-version":[{"id":6500,"href":"https:\/\/stjac.be\/index.php?rest_route=\/wp\/v2\/pages\/180\/revisions\/6500"}],"wp:attachment":[{"href":"https:\/\/stjac.be\/index.php?rest_route=%2Fwp%2Fv2%2Fmedia&parent=180"}],"curies":[{"name":"wp","href":"https:\/\/api.w.org\/{rel}","templated":true}]}}