{"id":1248,"date":"2020-03-18T13:50:38","date_gmt":"2020-03-18T12:50:38","guid":{"rendered":"http:\/\/stjac.be\/?page_id=1248"},"modified":"2024-02-04T22:03:48","modified_gmt":"2024-02-04T21:03:48","slug":"1248-2","status":"publish","type":"page","link":"https:\/\/stjac.be\/?page_id=1248","title":{"rendered":"Suivez-nous"},"content":{"rendered":"<p>[et_pb_section fb_built=&#8221;1&#8243; admin_label=&#8221;Header&#8221; _builder_version=&#8221;4.16&#8243; background_image=&#8221;http:\/\/stjac.be\/wp-content\/uploads\/2020\/04\/Suivez-nous-scaled.jpg&#8221; background_position=&#8221;top_center&#8221; max_width_last_edited=&#8221;off|desktop&#8221; module_alignment=&#8221;center&#8221; min_height=&#8221;311px&#8221; custom_margin=&#8221;31px|5%|64px|5%|false|true&#8221; custom_margin_tablet=&#8221;0%|0%||0%||true&#8221; custom_margin_phone=&#8221;&#8221; custom_margin_last_edited=&#8221;on|desktop&#8221; custom_padding=&#8221;0vw||20px||false|false&#8221; global_colors_info=&#8221;{}&#8221;][et_pb_row _builder_version=&#8221;4.16&#8243; global_colors_info=&#8221;{}&#8221;][et_pb_column type=&#8221;4_4&#8243; _builder_version=&#8221;4.16&#8243; global_colors_info=&#8221;{}&#8221;][et_pb_text _builder_version=&#8221;4.16&#8243; text_font=&#8221;Frank Ruhl Libre||||||||&#8221; text_font_size=&#8221;50px&#8221; text_line_height=&#8221;1.1em&#8221; header_font=&#8221;Frank Ruhl Libre||||||||&#8221; header_font_size=&#8221;50px&#8221; global_colors_info=&#8221;{}&#8221;]<\/p>\n<p><span style=\"color: #ffffff;\"><strong>Suivez-nous<\/strong><\/span><\/p>\n<p>[\/et_pb_text][\/et_pb_column][\/et_pb_row][et_pb_row _builder_version=&#8221;4.16&#8243; global_colors_info=&#8221;{}&#8221;][et_pb_column type=&#8221;4_4&#8243; _builder_version=&#8221;4.16&#8243; global_colors_info=&#8221;{}&#8221;][\/et_pb_column][\/et_pb_row][et_pb_row _builder_version=&#8221;4.16&#8243; global_colors_info=&#8221;{}&#8221;][et_pb_column type=&#8221;4_4&#8243; _builder_version=&#8221;4.16&#8243; global_colors_info=&#8221;{}&#8221;][\/et_pb_column][\/et_pb_row][et_pb_row column_structure=&#8221;1_2,1_2&#8243; _builder_version=&#8221;4.16&#8243; global_colors_info=&#8221;{}&#8221;][et_pb_column type=&#8221;1_2&#8243; _builder_version=&#8221;4.16&#8243; global_colors_info=&#8221;{}&#8221;][\/et_pb_column][et_pb_column type=&#8221;1_2&#8243; _builder_version=&#8221;4.16&#8243; global_colors_info=&#8221;{}&#8221;][et_pb_button button_url=&#8221;http:\/\/stjac.be\/?page_id=363&#8243; url_new_window=&#8221;on&#8221; button_text=&#8221;Inscrivez-vous pour la Newsletter&#8221; button_alignment=&#8221;right&#8221; _builder_version=&#8221;4.16&#8243; custom_button=&#8221;on&#8221; button_text_size=&#8221;16px&#8221; button_text_color=&#8221;#ffffff&#8221; button_bg_color=&#8221;#c9522a&#8221; button_border_width=&#8221;2px&#8221; button_border_color=&#8221;rgba(0,0,0,0)&#8221; button_border_radius=&#8221;0px&#8221; button_letter_spacing=&#8221;0px&#8221; button_font=&#8221;|700|||||||&#8221; button_icon=&#8221;&#x24;||divi||400&#8243; button_on_hover=&#8221;off&#8221; custom_margin=&#8221;40px||||false|false&#8221; custom_padding=&#8221;16px|80px|16px|80px|true|true&#8221; animation_style=&#8221;slide&#8221; animation_direction=&#8221;right&#8221; animation_duration=&#8221;1400ms&#8221; animation_intensity_slide=&#8221;10%&#8221; global_colors_info=&#8221;{}&#8221; button_text_size__hover_enabled=&#8221;off&#8221; button_one_text_size__hover_enabled=&#8221;off&#8221; button_two_text_size__hover_enabled=&#8221;off&#8221; button_text_color__hover_enabled=&#8221;off&#8221; button_one_text_color__hover_enabled=&#8221;off&#8221; button_two_text_color__hover_enabled=&#8221;off&#8221; button_border_width__hover_enabled=&#8221;off&#8221; button_one_border_width__hover_enabled=&#8221;off&#8221; button_two_border_width__hover_enabled=&#8221;off&#8221; button_border_color__hover_enabled=&#8221;off&#8221; button_one_border_color__hover_enabled=&#8221;off&#8221; button_two_border_color__hover_enabled=&#8221;off&#8221; button_border_radius__hover_enabled=&#8221;off&#8221; button_one_border_radius__hover_enabled=&#8221;off&#8221; button_two_border_radius__hover_enabled=&#8221;off&#8221; button_letter_spacing__hover_enabled=&#8221;off&#8221; button_one_letter_spacing__hover_enabled=&#8221;off&#8221; button_two_letter_spacing__hover_enabled=&#8221;off&#8221; button_bg_color__hover_enabled=&#8221;off&#8221; button_one_bg_color__hover_enabled=&#8221;off&#8221; button_two_bg_color__hover_enabled=&#8221;off&#8221;][\/et_pb_button][\/et_pb_column][\/et_pb_row][\/et_pb_section][et_pb_section fb_built=&#8221;1&#8243; _builder_version=&#8221;4.16&#8243; custom_margin=&#8221;-63px||||false|false&#8221; global_colors_info=&#8221;{}&#8221;][et_pb_row _builder_version=&#8221;4.16&#8243; custom_margin=&#8221;-19px||||false|false&#8221; global_colors_info=&#8221;{}&#8221;][et_pb_column type=&#8221;4_4&#8243; _builder_version=&#8221;4.16&#8243; global_colors_info=&#8221;{}&#8221;][et_pb_text _builder_version=&#8221;4.16&#8243; global_colors_info=&#8221;{}&#8221;]<\/p>\n<p style=\"text-align: justify;\">Commer\u00e7ants et habitants, faisons la promotion de notre quartier.\u00a0<span>Utilisez le\u00a0hashtag <strong>#quartiersaintjacquesbxl<\/strong><\/span><\/p>\n<p>[\/et_pb_text][\/et_pb_column][\/et_pb_row][\/et_pb_section][et_pb_section fb_built=&#8221;1&#8243; _builder_version=&#8221;4.16&#8243; custom_margin=&#8221;-50px||||false|false&#8221; global_colors_info=&#8221;{}&#8221;][et_pb_row column_structure=&#8221;1_3,1_3,1_3&#8243; _builder_version=&#8221;4.16&#8243; custom_margin=&#8221;-25px||||false|false&#8221; custom_padding=&#8221;0px||||false|false&#8221; global_colors_info=&#8221;{}&#8221;][et_pb_column type=&#8221;1_3&#8243; _builder_version=&#8221;4.16&#8243; global_colors_info=&#8221;{}&#8221;][et_pb_image src=&#8221;http:\/\/stjac.be\/wp-content\/uploads\/2020\/04\/Page-Facebook.png&#8221; url=&#8221;https:\/\/www.facebook.com\/quartiersaintjacques.be&#8221; url_new_window=&#8221;on&#8221; _builder_version=&#8221;4.16&#8243; global_colors_info=&#8221;{}&#8221;][\/et_pb_image][et_pb_text _builder_version=&#8221;4.16&#8243; global_colors_info=&#8221;{}&#8221;]<\/p>\n<p style=\"text-align: justify;\"><strong>Suivez<\/strong> la\u00a0<span style=\"text-decoration: underline;\"><a href=\"https:\/\/www.facebook.com\/quartiersaintjacques.be\" target=\"_blank\" rel=\"noopener noreferrer\">page Facebook<\/a><\/span>\u00a0de notre Association.<\/p>\n<p style=\"text-align: justify;\"><span>Le Quartier Saint-Jacques foisonne d\u2019activit\u00e9s dans tous les domaines \u2026 ce serait dommage de passer \u00e0 c\u00f4t\u00e9.<\/span><\/p>\n<p>[\/et_pb_text][\/et_pb_column][et_pb_column type=&#8221;1_3&#8243; _builder_version=&#8221;4.16&#8243; global_colors_info=&#8221;{}&#8221;][et_pb_image src=&#8221;http:\/\/stjac.be\/wp-content\/uploads\/2021\/02\/Instagram-2.png&#8221; title_text=&#8221;Instagram 2&#8243; url=&#8221;https:\/\/www.instagram.com\/quartiersaintjacquesbxl\/?hl=nl&#8221; url_new_window=&#8221;on&#8221; _builder_version=&#8221;4.16&#8243; global_colors_info=&#8221;{}&#8221;][\/et_pb_image][et_pb_text _builder_version=&#8221;4.16&#8243; custom_padding=&#8221;2px|||||&#8221; global_colors_info=&#8221;{}&#8221;]<\/p>\n<p style=\"text-align: justify;\"><strong>Suivez<\/strong> la <span style=\"text-decoration: underline;\"><a href=\"http:\/\/www.instagram.com\/quartiersaintjacquesbxl\/\" target=\"_blank\" rel=\"noopener noreferrer\">page Instagram<\/a><\/span> de notre Association.\u00a0 Consultez <span style=\"text-decoration: underline;\"><a href=\"https:\/\/www.instagram.com\/quartiersaintjacquesbxl\/guides\/?hl=nl\" target=\"_blank\" rel=\"noopener noreferrer\">les guides<\/a><\/span> avec tous les commer\u00e7ants de notre quartier.<\/p>\n<p style=\"text-align: justify;\">Utilisez notre hashtag<br \/> <strong>#quartiersaintjacquesbxl<\/strong> pour vos plus belles photos du quartier.<\/p>\n<p>[\/et_pb_text][\/et_pb_column][et_pb_column type=&#8221;1_3&#8243; _builder_version=&#8221;4.16&#8243; global_colors_info=&#8221;{}&#8221;][et_pb_image src=&#8221;http:\/\/stjac.be\/wp-content\/uploads\/2020\/06\/St-Jac-v6.png&#8221; _builder_version=&#8221;4.16&#8243; global_colors_info=&#8221;{}&#8221;][\/et_pb_image][et_pb_text _builder_version=&#8221;4.16&#8243; global_colors_info=&#8221;{}&#8221;]<\/p>\n<p style=\"text-align: justify;\"><strong>Tenez-vous inform\u00e9(e)<\/strong>\u00a0et abonnez-vous \u00e0 la\u00a0<span><a href=\"http:\/\/stjac.be\/?page_id=363\" target=\"_blank\" rel=\"noopener noreferrer\"><span style=\"text-decoration: underline;\">St-Jac Newsletter<\/span><\/a><\/span>.<\/p>\n<p style=\"text-align: justify;\">Vous pouvez consulter\u00a0<span style=\"text-decoration: underline;\"><a href=\"https:\/\/us1.campaign-archive.com\/home\/?u=303c91f088d279afbfbea0ca6&amp;id=d3bd5c025d\" target=\"_blank\" rel=\"noopener noreferrer\">ici\u00a0l\u2019archive<\/a><\/span> des St-Jac Newsletter qui est une publication hebdomadaire (et <span style=\"text-decoration: underline;\"><a href=\"http:\/\/stjac.be\/?page_id=2155\" target=\"_blank\" rel=\"noopener noreferrer\">ici<\/a><\/span> notre politique de confidentialit\u00e9).<\/p>\n<p style=\"text-align: justify;\">[\/et_pb_text][\/et_pb_column][\/et_pb_row][et_pb_row column_structure=&#8221;1_3,1_3,1_3&#8243; _builder_version=&#8221;4.16&#8243; _module_preset=&#8221;default&#8221; global_colors_info=&#8221;{}&#8221;][et_pb_column type=&#8221;1_3&#8243; _builder_version=&#8221;4.16&#8243; _module_preset=&#8221;default&#8221; global_colors_info=&#8221;{}&#8221;][et_pb_image src=&#8221;http:\/\/stjac.be\/wp-content\/uploads\/2020\/04\/Autocollant-px-scaled.jpg&#8221; _builder_version=&#8221;4.16&#8243; global_colors_info=&#8221;{}&#8221;][\/et_pb_image][et_pb_text _builder_version=&#8221;4.16&#8243; global_colors_info=&#8221;{}&#8221;]<\/p>\n<p style=\"text-align: justify;\">Nous tenons \u00e0 votre disposition un bel <strong>autocollant<\/strong> pour afficher votre appartenance au Quartier Saint-Jacques.\u00a0 Il se colle sur toute surface vitr\u00e9e (vitrine, porte vitr\u00e9e, vitre), et il se colle \u00e0 l\u2019int\u00e9rieur pour \u00eatre visible de l\u2019ext\u00e9rieur.<\/p>\n<p>Vous habitez ou vous exploitez un commerce dans <a href=\"http:\/\/stjac.be\/?page_id=2034\" target=\"_blank\" rel=\"noopener noreferrer\"><span><span style=\"text-decoration: underline;\">le p\u00e9rim\u00e8tre du quartier<\/span><\/span><\/a>?\u00a0 <span style=\"text-decoration: underline;\"><a href=\"http:\/\/stjac.be\/?page_id=363\" target=\"_blank\" rel=\"noopener noreferrer\">Demandez-nous<\/a><\/span>\u00a0votre auto-collant!<\/p>\n<p>[\/et_pb_text][\/et_pb_column][et_pb_column type=&#8221;1_3&#8243; _builder_version=&#8221;4.16&#8243; _module_preset=&#8221;default&#8221; global_colors_info=&#8221;{}&#8221;][et_pb_image src=&#8221;http:\/\/stjac.be\/wp-content\/uploads\/2021\/02\/Brochures-2-scaled.jpg&#8221; title_text=&#8221;Brochures 2&#8243; _builder_version=&#8221;4.16&#8243; global_colors_info=&#8221;{}&#8221;][\/et_pb_image][et_pb_text _builder_version=&#8221;4.16&#8243; global_colors_info=&#8221;{}&#8221;]<\/p>\n<p style=\"text-align: justify;\">Ensemble, promouvons notre beau quartier. Nous tenons \u00e0 votre disposition <strong>des d\u00e9pliants de pr\u00e9sentation<\/strong> du Quartier Saint-Jacques, qui contiennent notamment un plan du quartier.\u00a0 Ce d\u00e9pliant sera appr\u00e9ci\u00e9 par les clients de nos commer\u00e7ants, mais aussi par vos visiteurs, amis ou membres de famille qui ne connaissent pas encore bien notre quartier.<\/p>\n<p><span><a href=\"http:\/\/stjac.be\/?page_id=363\" target=\"_blank\" rel=\"noopener noreferrer\"><span style=\"text-decoration: underline;\">Demandez-nous<\/span><\/a><\/span> vos\u00a0d\u00e9pliants!<\/p>\n<p>[\/et_pb_text][\/et_pb_column][et_pb_column type=&#8221;1_3&#8243; _builder_version=&#8221;4.16&#8243; _module_preset=&#8221;default&#8221; global_colors_info=&#8221;{}&#8221;][et_pb_image src=&#8221;http:\/\/stjac.be\/wp-content\/uploads\/2021\/02\/Restons-branches-2.png&#8221; title_text=&#8221;Restons branch\u00e9s&#8221; url=&#8221;https:\/\/drive.google.com\/file\/d\/10nTxuUVB3h3WJyUYcpFwN8QevLjjTzMW\/view?ts=602d5e6f&#8221; url_new_window=&#8221;on&#8221; _builder_version=&#8221;4.16&#8243; global_colors_info=&#8221;{}&#8221;][\/et_pb_image][et_pb_text _builder_version=&#8221;4.16&#8243; global_colors_info=&#8221;{}&#8221;]<\/p>\n<p style=\"text-align: justify;\">Vous \u00eates \u00e9tabli dans le quartier comme commer\u00e7ant ou vous y organisez des \u00e9v\u00e8nements culturels?<\/p>\n<p>T\u00e9l\u00e9chargez <a href=\"https:\/\/drive.google.com\/file\/d\/10nTxuUVB3h3WJyUYcpFwN8QevLjjTzMW\/view?ts=602d5e6f\" target=\"_blank\" rel=\"noopener noreferrer\"><span style=\"text-decoration: underline;\">ici<\/span><\/a> <strong>notre bo\u00eete \u00e0 outils<\/strong> pour promouvoir vos activit\u00e9s ensemble !<\/p>\n<p>[\/et_pb_text][\/et_pb_column][\/et_pb_row][et_pb_row column_structure=&#8221;1_3,1_3,1_3&#8243; _builder_version=&#8221;4.16&#8243; global_colors_info=&#8221;{}&#8221;][et_pb_column type=&#8221;1_3&#8243; _builder_version=&#8221;4.16&#8243; global_colors_info=&#8221;{}&#8221;][et_pb_image src=&#8221;http:\/\/stjac.be\/wp-content\/uploads\/2020\/04\/F\u00eate-de-voisins-px-scaled.jpg&#8221; _builder_version=&#8221;4.16&#8243; global_colors_info=&#8221;{}&#8221;][\/et_pb_image][et_pb_text _builder_version=&#8221;4.16&#8243; global_colors_info=&#8221;{}&#8221;]<\/p>\n<p style=\"text-align: justify;\">Notre Association organise la\u00a0<strong>F\u00eate des Voisins<\/strong>\u00a0(en mai) mais \u00e9galement des\u00a0<strong>r\u00e9unions de quartier<\/strong>.<\/p>\n<p>Suivez la <span style=\"text-decoration: underline;\"><a href=\"https:\/\/www.facebook.com\/quartiersaintjacques.be\" target=\"_blank\" rel=\"noopener noreferrer\">page Facebook<\/a><\/span>\u00a0de l\u2019Association et <span style=\"text-decoration: underline;\"><a href=\"http:\/\/stjac.be\/?page_id=363\" target=\"_blank\" rel=\"noopener noreferrer\">abonnez-vous<\/a><\/span> \u00e0 la St Jac Newsletter pour \u00eatre inform\u00e9(e)!<\/p>\n<p>[\/et_pb_text][\/et_pb_column][et_pb_column type=&#8221;1_3&#8243; _builder_version=&#8221;4.16&#8243; global_colors_info=&#8221;{}&#8221;][et_pb_image src=&#8221;http:\/\/stjac.be\/wp-content\/uploads\/2020\/04\/Qui-sommes-nous-px.png&#8221; _builder_version=&#8221;4.16&#8243; global_colors_info=&#8221;{}&#8221;][\/et_pb_image][et_pb_text _builder_version=&#8221;4.23.4&#8243; hover_enabled=&#8221;0&#8243; global_colors_info=&#8221;{}&#8221; sticky_enabled=&#8221;0&#8243;]<\/p>\n<p style=\"text-align: justify;\">Vous voulez en savoir plus sur les actions de l\u2019ASBL Quartier Saint-Jacques?<\/p>\n<p><span>Vous pouvez consulter ici les derniers\u00a0<\/span><strong>rapports d\u2019activit\u00e9<\/strong><span>\u00a0de notre Association:<\/p>\n<p><\/span><span style=\"text-decoration: underline;\"><a href=\"https:\/\/drive.google.com\/file\/d\/1yP1DJVWuiAHg6gCO4-r_mXEgUDhpI2IK\/view?usp=sharing\" target=\"_blank\" rel=\"noopener\">Rapport d&#8217;Activit\u00e9s 2023<\/a><br \/><a href=\"https:\/\/drive.google.com\/file\/d\/137nw01CkWIkUmP50vFN8dJyotoUzmOnS\/view?usp=share_link\" target=\"_blank\" rel=\"noopener\">Rapport d&#8217;Activit\u00e9s 2022<\/a><\/span><br \/><span><span style=\"text-decoration: underline;\"><a href=\"https:\/\/drive.google.com\/file\/d\/1rn1nYkOPvt9OwY87LkImoXeaE7trJgWl\/view?usp=sharing\" target=\"_blank\" rel=\"noopener\">Rapport d&#8217;Activit\u00e9s 2021<\/a><br \/><a href=\"https:\/\/drive.google.com\/file\/d\/1mgSw-hEXXOjyWua3YrqzqRCd08RXXG2C\/view?usp=sharing\" target=\"_blank\" rel=\"noopener\">Rapport d&#8217;Activit\u00e9s 2020<\/a><\/span><br \/><\/span><span><a href=\"https:\/\/drive.google.com\/file\/d\/1cni4Z8qVieoMziskq1n4VPz2WBvajk1e\/view?ts=5e77a3e2\" target=\"_blank\" rel=\"noopener noreferrer\"><span style=\"text-decoration: underline;\">Rapport d\u2019Activit\u00e9s 2019<\/span><br \/><\/a><\/span><span><a href=\"https:\/\/drive.google.com\/file\/d\/1wis-1oo9iMP4CCVvYqsiAYfmfvroPFYH\/view?ts=5e77a3e2\" target=\"_blank\" rel=\"noopener noreferrer\"><span style=\"text-decoration: underline;\">Rapport d\u2019Activit\u00e9s 2018<\/span><\/a><\/span><\/p>\n<p style=\"text-align: justify;\">En novembre 2018 nous avons envoy\u00e9 aux t\u00eates de liste des partis de la majorit\u00e9 de la Ville de Bruxelles un document tr\u00e8s concret qui reprend\u00a0<span style=\"text-decoration: underline;\"><a href=\"https:\/\/drive.google.com\/file\/d\/1Zo4tNyh6vclQskxhWMKbFz1EsBI5PWma\/view?ts=5e77a3e2\" target=\"_blank\" rel=\"noopener noreferrer\">nos demandes pour le quartier Saint-Jacques<strong><\/strong><\/a><\/span>. \u00a0Nous souhaitons notamment accueillir davantage de familles (non \u00e0 l\u2019exode urbain) et pr\u00e9conisons pour ce faire <span style=\"text-decoration: underline;\"><a href=\"https:\/\/drive.google.com\/file\/d\/1UgOEU6Vtjnm8SL9aCGXoGKZZv01ZZPMX\/view?ts=5e77a3e2\" target=\"_blank\" rel=\"noopener noreferrer\">une s\u00e9rie de mesures<\/a><\/span>.<\/p>\n<p style=\"text-align: justify;\">[\/et_pb_text][\/et_pb_column][et_pb_column type=&#8221;1_3&#8243; _builder_version=&#8221;4.16&#8243; global_colors_info=&#8221;{}&#8221;][\/et_pb_column][\/et_pb_row][\/et_pb_section]<\/p>\n","protected":false},"excerpt":{"rendered":"<p>Suivez-nousCommer\u00e7ants et habitants, faisons la promotion de notre quartier.\u00a0Utilisez le\u00a0hashtag #quartiersaintjacquesbxlSuivez la\u00a0page Facebook\u00a0de notre Association. Le Quartier Saint-Jacques foisonne d\u2019activit\u00e9s dans tous les domaines \u2026 ce serait dommage de passer \u00e0 c\u00f4t\u00e9.Suivez la page Instagram de notre Association.\u00a0 Consultez les guides avec tous les commer\u00e7ants de notre quartier. Utilisez notre hashtag #quartiersaintjacquesbxl pour vos plus [&hellip;]<\/p>\n","protected":false},"author":1,"featured_media":0,"parent":0,"menu_order":9,"comment_status":"closed","ping_status":"closed","template":"","meta":{"_et_pb_use_builder":"on","_et_pb_old_content":"","_et_gb_content_width":"","footnotes":""},"class_list":["post-1248","page","type-page","status-publish","hentry"],"_links":{"self":[{"href":"https:\/\/stjac.be\/index.php?rest_route=\/wp\/v2\/pages\/1248","targetHints":{"allow":["GET"]}}],"collection":[{"href":"https:\/\/stjac.be\/index.php?rest_route=\/wp\/v2\/pages"}],"about":[{"href":"https:\/\/stjac.be\/index.php?rest_route=\/wp\/v2\/types\/page"}],"author":[{"embeddable":true,"href":"https:\/\/stjac.be\/index.php?rest_route=\/wp\/v2\/users\/1"}],"replies":[{"embeddable":true,"href":"https:\/\/stjac.be\/index.php?rest_route=%2Fwp%2Fv2%2Fcomments&post=1248"}],"version-history":[{"count":105,"href":"https:\/\/stjac.be\/index.php?rest_route=\/wp\/v2\/pages\/1248\/revisions"}],"predecessor-version":[{"id":8299,"href":"https:\/\/stjac.be\/index.php?rest_route=\/wp\/v2\/pages\/1248\/revisions\/8299"}],"wp:attachment":[{"href":"https:\/\/stjac.be\/index.php?rest_route=%2Fwp%2Fv2%2Fmedia&parent=1248"}],"curies":[{"name":"wp","href":"https:\/\/api.w.org\/{rel}","templated":true}]}}